{"id":3417,"date":"2020-10-15T09:16:26","date_gmt":"2020-10-15T07:16:26","guid":{"rendered":"http:\/\/www.psychotherapie-renner.at\/?page_id=3417"},"modified":"2025-06-13T21:58:28","modified_gmt":"2025-06-13T19:58:28","slug":"praxis","status":"publish","type":"page","link":"https:\/\/www.psychotherapie-renner.at\/?page_id=3417","title":{"rendered":"Praxis"},"content":{"rendered":"<p>[vc_row][vc_column width=&#8220;1\/2&#8243;][tm_heading tag=&#8220;h4&#8243; custom_google_font=&#8220;&#8220; google_fonts=&#8220;font_family:Poppins%3A300%2Cregular%2C500%2C600%2C700|font_style:300%20light%20regular%3A300%3Anormal&#8220; text_color=&#8220;primary&#8220; text=&#8220;ERREICHBARKEIT&#8220; font_size=&#8220;xs:20;lg:30&#8243; letter_spacing=&#8220;2px&#8220;][tm_spacer size=&#8220;lg:80&#8243;][tm_image image=&#8220;4033&#8243;][tm_spacer size=&#8220;xs:20;lg:80&#8243;][\/vc_column][vc_column width=&#8220;1\/2&#8243;][tm_spacer size=&#8220;lg:125&#8243;][tm_image image=&#8220;4032&#8243;][tm_spacer size=&#8220;lg:125&#8243;][\/vc_column][\/vc_row][vc_row][vc_column width=&#8220;1\/2&#8243;][tm_image image=&#8220;4031&#8243;][\/vc_column][vc_column width=&#8220;1\/2&#8243;][tm_spacer size=&#8220;xs:10;lg:20&#8243;][tm_heading tag=&#8220;h4&#8243; custom_google_font=&#8220;&#8220; google_fonts=&#8220;font_family:Poppins%3A300%2Cregular%2C500%2C600%2C700|font_style:300%20light%20regular%3A300%3Anormal&#8220; font_weight=&#8220;300&#8243; text_color=&#8220;secondary&#8220; font_size=&#8220;xs:14;lg:17&#8243; letter_spacing=&#8220;2px&#8220; text=&#8220;Mit \u00f6ffentlichen Verkehrsmitteln k\u00f6nnen Sie bis zum Geidorfplatz fahren und von dort gehen Sie rund f\u00fcnf Minuten zu Fu\u00df. Mit dem Auto k\u00f6nnen Sie in der Grillparzerstra\u00dfe (blaue Zone) und Kreuzgasse (gr\u00fcne Zone) parken.&#8220;][tm_spacer size=&#8220;lg:80&#8243;][\/vc_column][\/vc_row][vc_row][vc_column][tm_spacer size=&#8220;lg:50&#8243;][\/vc_column][\/vc_row][vc_row][vc_column][\/vc_column][\/vc_row]<\/p>\n","protected":false},"excerpt":{"rendered":"<p>[vc_row][vc_column width=&#8220;1\/2&#8243;][tm_heading tag=&#8220;h4&#8243; custom_google_font=&#8220;&#8220; google_fonts=&#8220;font_family:Poppins%3A300%2Cregular%2C500%2C600%2C700|font_style:300%20light%20regular%3A300%3Anormal&#8220; text_color=&#8220;primary&#8220; text=&#8220;ERREICHBARKEIT&#8220; font_size=&#8220;xs:20;lg:30&#8243; letter_spacing=&#8220;2px&#8220;][tm_spacer size=&#8220;lg:80&#8243;][tm_image image=&#8220;4033&#8243;][tm_spacer size=&#8220;xs:20;lg:80&#8243;][\/vc_column][vc_column width=&#8220;1\/2&#8243;][tm_spacer size=&#8220;lg:125&#8243;][tm_image image=&#8220;4032&#8243;][tm_spacer size=&#8220;lg:125&#8243;][\/vc_column][\/vc_row][vc_row][vc_column width=&#8220;1\/2&#8243;][tm_image image=&#8220;4031&#8243;][\/vc_column][vc_column width=&#8220;1\/2&#8243;][tm_spacer size=&#8220;xs:10;lg:20&#8243;][tm_heading tag=&#8220;h4&#8243; custom_google_font=&#8220;&#8220; google_fonts=&#8220;font_family:Poppins%3A300%2Cregular%2C500%2C600%2C700|font_style:300%20light%20regular%3A300%3Anormal&#8220; font_weight=&#8220;300&#8243; text_color=&#8220;secondary&#8220; font_size=&#8220;xs:14;lg:17&#8243; letter_spacing=&#8220;2px&#8220; text=&#8220;Mit \u00f6ffentlichen Verkehrsmitteln k\u00f6nnen Sie bis zum Geidorfplatz fahren und von dort gehen Sie rund f\u00fcnf Minuten zu Fu\u00df. Mit dem Auto k\u00f6nnen Sie in der Grillparzerstra\u00dfe (blaue Zone) und Kreuzgasse (gr\u00fcne Zone) parken.&#8220;][tm_spacer size=&#8220;lg:80&#8243;][\/vc_column][\/vc_row][vc_row][vc_column][tm_spacer size=&#8220;lg:50&#8243;][\/vc_column][\/vc_row][vc_row][vc_column][\/vc_column][\/vc_row]<\/p>\n","protected":false},"author":1,"featured_media":0,"parent":0,"menu_order":0,"comment_status":"closed","ping_status":"closed","template":"","meta":[],"yoast_head":"<!-- This site is optimized with the Yoast SEO plugin v19.6 - https:\/\/yoast.com\/wordpress\/plugins\/seo\/ -->\n<title>Praxis - Psychotherapie Renner Praxis - Psychotherapie Renner<\/title>\n<meta name=\"description\" content=\"Psychotherapie Renner - % Praxis - Psychotherapie Renner - Psychotherapie Renner - Praxis\" \/>\n<meta name=\"robots\" content=\"index, follow, max-snippet:-1, max-image-preview:large, max-video-preview:-1\" \/>\n<link rel=\"canonical\" href=\"https:\/\/www.psychotherapie-renner.at\/?page_id=3417\" \/>\n<meta property=\"og:locale\" content=\"de_DE\" \/>\n<meta property=\"og:type\" content=\"article\" \/>\n<meta property=\"og:title\" content=\"Praxis - Psychotherapie Renner Praxis - Psychotherapie Renner\" \/>\n<meta property=\"og:description\" content=\"Psychotherapie Renner - % Praxis - Psychotherapie Renner - Psychotherapie Renner - Praxis\" \/>\n<meta property=\"og:url\" content=\"https:\/\/www.psychotherapie-renner.at\/?page_id=3417\" \/>\n<meta property=\"og:site_name\" content=\"Psychotherapie Renner\" \/>\n<meta property=\"article:modified_time\" content=\"2025-06-13T19:58:28+00:00\" \/>\n<meta name=\"twitter:card\" content=\"summary_large_image\" \/>\n<meta name=\"twitter:label1\" content=\"Gesch\u00e4tzte Lesezeit\" \/>\n\t<meta name=\"twitter:data1\" content=\"1 Minute\" \/>\n<script type=\"application\/ld+json\" class=\"yoast-schema-graph\">{\"@context\":\"https:\/\/schema.org\",\"@graph\":[{\"@type\":\"WebPage\",\"@id\":\"https:\/\/www.psychotherapie-renner.at\/?page_id=3417\",\"url\":\"https:\/\/www.psychotherapie-renner.at\/?page_id=3417\",\"name\":\"Praxis - Psychotherapie Renner Praxis - Psychotherapie Renner\",\"isPartOf\":{\"@id\":\"https:\/\/www.psychotherapie-renner.at\/#website\"},\"datePublished\":\"2020-10-15T07:16:26+00:00\",\"dateModified\":\"2025-06-13T19:58:28+00:00\",\"description\":\"Psychotherapie Renner - % Praxis - Psychotherapie Renner - Psychotherapie Renner - Praxis\",\"breadcrumb\":{\"@id\":\"https:\/\/www.psychotherapie-renner.at\/?page_id=3417#breadcrumb\"},\"inLanguage\":\"de-AT\",\"potentialAction\":[{\"@type\":\"ReadAction\",\"target\":[\"https:\/\/www.psychotherapie-renner.at\/?page_id=3417\"]}]},{\"@type\":\"BreadcrumbList\",\"@id\":\"https:\/\/www.psychotherapie-renner.at\/?page_id=3417#breadcrumb\",\"itemListElement\":[{\"@type\":\"ListItem\",\"position\":1,\"name\":\"Startseite\",\"item\":\"https:\/\/www.psychotherapie-renner.at\/\"},{\"@type\":\"ListItem\",\"position\":2,\"name\":\"Praxis\"}]},{\"@type\":\"WebSite\",\"@id\":\"https:\/\/www.psychotherapie-renner.at\/#website\",\"url\":\"https:\/\/www.psychotherapie-renner.at\/\",\"name\":\"Psychotherapie Renner\",\"description\":\"Eine weitere WordPress-Website\",\"potentialAction\":[{\"@type\":\"SearchAction\",\"target\":{\"@type\":\"EntryPoint\",\"urlTemplate\":\"https:\/\/www.psychotherapie-renner.at\/?s={search_term_string}\"},\"query-input\":\"required name=search_term_string\"}],\"inLanguage\":\"de-AT\"}]}<\/script>\n<!-- \/ Yoast SEO plugin. -->","yoast_head_json":{"title":"Praxis - Psychotherapie Renner Praxis - Psychotherapie Renner","description":"Psychotherapie Renner - % Praxis - Psychotherapie Renner - Psychotherapie Renner - Praxis","robots":{"index":"index","follow":"follow","max-snippet":"max-snippet:-1","max-image-preview":"max-image-preview:large","max-video-preview":"max-video-preview:-1"},"canonical":"https:\/\/www.psychotherapie-renner.at\/?page_id=3417","og_locale":"de_DE","og_type":"article","og_title":"Praxis - Psychotherapie Renner Praxis - Psychotherapie Renner","og_description":"Psychotherapie Renner - % Praxis - Psychotherapie Renner - Psychotherapie Renner - Praxis","og_url":"https:\/\/www.psychotherapie-renner.at\/?page_id=3417","og_site_name":"Psychotherapie Renner","article_modified_time":"2025-06-13T19:58:28+00:00","twitter_card":"summary_large_image","twitter_misc":{"Gesch\u00e4tzte Lesezeit":"1 Minute"},"schema":{"@context":"https:\/\/schema.org","@graph":[{"@type":"WebPage","@id":"https:\/\/www.psychotherapie-renner.at\/?page_id=3417","url":"https:\/\/www.psychotherapie-renner.at\/?page_id=3417","name":"Praxis - Psychotherapie Renner Praxis - Psychotherapie Renner","isPartOf":{"@id":"https:\/\/www.psychotherapie-renner.at\/#website"},"datePublished":"2020-10-15T07:16:26+00:00","dateModified":"2025-06-13T19:58:28+00:00","description":"Psychotherapie Renner - % Praxis - Psychotherapie Renner - Psychotherapie Renner - Praxis","breadcrumb":{"@id":"https:\/\/www.psychotherapie-renner.at\/?page_id=3417#breadcrumb"},"inLanguage":"de-AT","potentialAction":[{"@type":"ReadAction","target":["https:\/\/www.psychotherapie-renner.at\/?page_id=3417"]}]},{"@type":"BreadcrumbList","@id":"https:\/\/www.psychotherapie-renner.at\/?page_id=3417#breadcrumb","itemListElement":[{"@type":"ListItem","position":1,"name":"Startseite","item":"https:\/\/www.psychotherapie-renner.at\/"},{"@type":"ListItem","position":2,"name":"Praxis"}]},{"@type":"WebSite","@id":"https:\/\/www.psychotherapie-renner.at\/#website","url":"https:\/\/www.psychotherapie-renner.at\/","name":"Psychotherapie Renner","description":"Eine weitere WordPress-Website","potentialAction":[{"@type":"SearchAction","target":{"@type":"EntryPoint","urlTemplate":"https:\/\/www.psychotherapie-renner.at\/?s={search_term_string}"},"query-input":"required name=search_term_string"}],"inLanguage":"de-AT"}]}},"_links":{"self":[{"href":"https:\/\/www.psychotherapie-renner.at\/index.php?rest_route=\/wp\/v2\/pages\/3417"}],"collection":[{"href":"https:\/\/www.psychotherapie-renner.at\/index.php?rest_route=\/wp\/v2\/pages"}],"about":[{"href":"https:\/\/www.psychotherapie-renner.at\/index.php?rest_route=\/wp\/v2\/types\/page"}],"author":[{"embeddable":true,"href":"https:\/\/www.psychotherapie-renner.at\/index.php?rest_route=\/wp\/v2\/users\/1"}],"replies":[{"embeddable":true,"href":"https:\/\/www.psychotherapie-renner.at\/index.php?rest_route=%2Fwp%2Fv2%2Fcomments&post=3417"}],"version-history":[{"count":33,"href":"https:\/\/www.psychotherapie-renner.at\/index.php?rest_route=\/wp\/v2\/pages\/3417\/revisions"}],"predecessor-version":[{"id":4038,"href":"https:\/\/www.psychotherapie-renner.at\/index.php?rest_route=\/wp\/v2\/pages\/3417\/revisions\/4038"}],"wp:attachment":[{"href":"https:\/\/www.psychotherapie-renner.at\/index.php?rest_route=%2Fwp%2Fv2%2Fmedia&parent=3417"}],"curies":[{"name":"wp","href":"https:\/\/api.w.org\/{rel}","templated":true}]}}