{"id":519,"date":"2018-10-17T06:23:05","date_gmt":"2018-10-17T06:23:05","guid":{"rendered":"http:\/\/www.psychotherapie-renner.at\/?page_id=519"},"modified":"2026-01-25T13:06:15","modified_gmt":"2026-01-25T12:06:15","slug":"renate","status":"publish","type":"page","link":"https:\/\/www.psychotherapie-renner.at\/?page_id=519","title":{"rendered":"\u00dcber Mich"},"content":{"rendered":"<p>[vc_row][vc_column][tm_spacer size=&#8220;lg:90&#8243;][\/vc_column][\/vc_row][vc_row][vc_column width=&#8220;1\/2&#8243;][tm_spacer size=&#8220;lg:90&#8243;][tm_heading tag=&#8220;h6&#8243; custom_google_font=&#8220;&#8220; google_fonts=&#8220;font_family:Poppins%3A300%2Cregular%2C500%2C600%2C700|font_style:300%20light%20regular%3A300%3Anormal&#8220; text_color=&#8220;secondary&#8220; font_size=&#8220;xs:14;lg:20&#8243; letter_spacing=&#8220;2px&#8220; text=&#8220;DR. RENATE RENNER&#8220;][tm_spacer size=&#8220;lg:10&#8243;][tm_heading tag=&#8220;h4&#8243; custom_google_font=&#8220;&#8220; google_fonts=&#8220;font_family:Poppins%3A300%2Cregular%2C500%2C600%2C700|font_style:300%20light%20regular%3A300%3Anormal&#8220; font_weight=&#8220;300&#8243; text_color=&#8220;secondary&#8220; text=&#8220;Psychotherapeutin in Fachausbildung unter Lehrsupervision &#8211; psychoanalytische\/psychodynamische Methode (Analytische Psychologie) &#8211; Mediatorin, Soziologin&#8220; font_size=&#8220;xs:13;lg:17&#8243; letter_spacing=&#8220;2px&#8220;][tm_spacer size=&#8220;lg:15&#8243;][tm_heading tag=&#8220;h4&#8243; custom_google_font=&#8220;&#8220; google_fonts=&#8220;font_family:Poppins%3A300%2Cregular%2C500%2C600%2C700|font_style:300%20light%20regular%3A300%3Anormal&#8220; font_weight=&#8220;300&#8243; text_color=&#8220;secondary&#8220; font_size=&#8220;xs:13;lg:17&#8243; letter_spacing=&#8220;2px&#8220;][tm_spacer size=&#8220;lg:15&#8243;][tm_heading tag=&#8220;h6&#8243; custom_google_font=&#8220;&#8220; google_fonts=&#8220;font_family:Poppins%3A300%2Cregular%2C500%2C600%2C700|font_style:300%20light%20regular%3A300%3Anormal&#8220; text_color=&#8220;secondary&#8220; font_size=&#8220;lg:20&#8243; letter_spacing=&#8220;2px&#8220;][tm_spacer size=&#8220;lg:30&#8243;][\/vc_column][vc_column width=&#8220;1\/2&#8243;][tm_image image_size=&#8220;custom&#8220; align=&#8220;center&#8220; image=&#8220;3925&#8243; image_size_width=&#8220;200&#8243; image_size_height=&#8220;300&#8243;][\/vc_column][\/vc_row][vc_row][vc_column][tm_spacer size=&#8220;lg:90&#8243;][\/vc_column][\/vc_row][vc_row][vc_column width=&#8220;1\/2&#8243;][tm_heading tag=&#8220;h6&#8243; custom_google_font=&#8220;&#8220; google_fonts=&#8220;font_family:Poppins%3A300%2Cregular%2C500%2C600%2C700|font_style:300%20light%20regular%3A300%3Anormal&#8220; text_color=&#8220;secondary&#8220; text=&#8220;MITGLIEDSCHAFTEN&#8220; font_size=&#8220;xs:17;lg:20&#8243; letter_spacing=&#8220;2px&#8220;][tm_spacer size=&#8220;lg:20&#8243;][tm_heading tag=&#8220;h4&#8243; custom_google_font=&#8220;&#8220; google_fonts=&#8220;font_family:Poppins%3A300%2Cregular%2C500%2C600%2C700|font_style:300%20light%20regular%3A300%3Anormal&#8220; font_weight=&#8220;300&#8243; text_color=&#8220;secondary&#8220; href=&#8220;\/\/www.cgjung.at\/&#8222;&#8220; target=&#8220;neuneu&#8220; font_size=&#8220;xs:13;lg:15&#8243; letter_spacing=&#8220;2px&#8220; text=&#8220;<\/p>\n<ul>\n<li>\u00d6sterreichische Gesellschaft f\u00fcr Analytische Psychologie (\u00d6GAP)<\/li>\n<\/ul>\n<p>&#8222;][vc_btn title=&#8220;https:\/\/www.cgjung.at&#8220; align=&#8220;left&#8220; css_animation=&#8220;bounceIn&#8220; link=&#8220;url:https%3A%2F%2Fwww.cgjung.at|target:_blank&#8220; css=&#8220;.vc_custom_1607675409605{margin-top: -15px !important;margin-left: 40px !important;padding-left: 0px !important;}&#8220;][tm_heading tag=&#8220;h4&#8243; custom_google_font=&#8220;&#8220; google_fonts=&#8220;font_family:Poppins%3A300%2Cregular%2C500%2C600%2C700|font_style:300%20light%20regular%3A300%3Anormal&#8220; font_weight=&#8220;300&#8243; text_color=&#8220;secondary&#8220; href=&#8220;\/\/www.cgjung.at\/&#8222;&#8220; target=&#8220;neuneu&#8220; font_size=&#8220;xs:13;lg:15&#8243; letter_spacing=&#8220;2px&#8220; text=&#8220;<\/p>\n<ul>\n<li>Steirischer Landesverband f\u00fcr Psychotherapie (STLP)<\/li>\n<\/ul>\n<p>&#8222;][vc_btn title=&#8220;https:\/\/www.stlp.at&#8220; css_animation=&#8220;bounceIn&#8220; link=&#8220;url:https%3A%2F%2Fwww.stlp.at|target:_blank&#8220; css=&#8220;.vc_custom_1602743667859{margin-top: -15px !important;margin-left: 40px !important;padding-left: 0px !important;}&#8220;][\/vc_column][vc_column width=&#8220;1\/2&#8243;][\/vc_column][\/vc_row]<\/p>\n","protected":false},"excerpt":{"rendered":"<p>[vc_row][vc_column][tm_spacer size=&#8220;lg:90&#8243;][\/vc_column][\/vc_row][vc_row][vc_column width=&#8220;1\/2&#8243;][tm_spacer size=&#8220;lg:90&#8243;][tm_heading tag=&#8220;h6&#8243; custom_google_font=&#8220;&#8220; google_fonts=&#8220;font_family:Poppins%3A300%2Cregular%2C500%2C600%2C700|font_style:300%20light%20regular%3A300%3Anormal&#8220; text_color=&#8220;secondary&#8220; font_size=&#8220;xs:14;lg:20&#8243; letter_spacing=&#8220;2px&#8220; text=&#8220;DR. RENATE RENNER&#8220;][tm_spacer size=&#8220;lg:10&#8243;][tm_heading tag=&#8220;h4&#8243; custom_google_font=&#8220;&#8220; google_fonts=&#8220;font_family:Poppins%3A300%2Cregular%2C500%2C600%2C700|font_style:300%20light%20regular%3A300%3Anormal&#8220; font_weight=&#8220;300&#8243; text_color=&#8220;secondary&#8220; text=&#8220;Psychotherapeutin in Fachausbildung unter Lehrsupervision &#8211; psychoanalytische\/psychodynamische Methode (Analytische Psychologie) &#8211; Mediatorin, Soziologin&#8220; font_size=&#8220;xs:13;lg:17&#8243; letter_spacing=&#8220;2px&#8220;][tm_spacer size=&#8220;lg:15&#8243;][tm_heading tag=&#8220;h4&#8243; custom_google_font=&#8220;&#8220; google_fonts=&#8220;font_family:Poppins%3A300%2Cregular%2C500%2C600%2C700|font_style:300%20light%20regular%3A300%3Anormal&#8220; font_weight=&#8220;300&#8243; text_color=&#8220;secondary&#8220; font_size=&#8220;xs:13;lg:17&#8243; letter_spacing=&#8220;2px&#8220;][tm_spacer size=&#8220;lg:15&#8243;][tm_heading tag=&#8220;h6&#8243; custom_google_font=&#8220;&#8220; google_fonts=&#8220;font_family:Poppins%3A300%2Cregular%2C500%2C600%2C700|font_style:300%20light%20regular%3A300%3Anormal&#8220; text_color=&#8220;secondary&#8220; font_size=&#8220;lg:20&#8243; letter_spacing=&#8220;2px&#8220;][tm_spacer size=&#8220;lg:30&#8243;][\/vc_column][vc_column width=&#8220;1\/2&#8243;][tm_image image_size=&#8220;custom&#8220; align=&#8220;center&#8220; image=&#8220;3925&#8243; image_size_width=&#8220;200&#8243; image_size_height=&#8220;300&#8243;][\/vc_column][\/vc_row][vc_row][vc_column][tm_spacer size=&#8220;lg:90&#8243;][\/vc_column][\/vc_row][vc_row][vc_column width=&#8220;1\/2&#8243;][tm_heading tag=&#8220;h6&#8243; custom_google_font=&#8220;&#8220; google_fonts=&#8220;font_family:Poppins%3A300%2Cregular%2C500%2C600%2C700|font_style:300%20light%20regular%3A300%3Anormal&#8220; text_color=&#8220;secondary&#8220; text=&#8220;MITGLIEDSCHAFTEN&#8220; font_size=&#8220;xs:17;lg:20&#8243; letter_spacing=&#8220;2px&#8220;][tm_spacer size=&#8220;lg:20&#8243;][tm_heading tag=&#8220;h4&#8243; custom_google_font=&#8220;&#8220; google_fonts=&#8220;font_family:Poppins%3A300%2Cregular%2C500%2C600%2C700|font_style:300%20light%20regular%3A300%3Anormal&#8220; font_weight=&#8220;300&#8243; text_color=&#8220;secondary&#8220; href=&#8220;\/\/www.cgjung.at\/&#8222;&#8220; target=&#8220;neuneu&#8220; font_size=&#8220;xs:13;lg:15&#8243; letter_spacing=&#8220;2px&#8220; text=&#8220; \u00d6sterreichische Gesellschaft f\u00fcr Analytische Psychologie (\u00d6GAP) &#8222;][vc_btn title=&#8220;https:\/\/www.cgjung.at&#8220; align=&#8220;left&#8220; css_animation=&#8220;bounceIn&#8220; link=&#8220;url:https%3A%2F%2Fwww.cgjung.at|target:_blank&#8220; css=&#8220;.vc_custom_1607675409605{margin-top: -15px !important;margin-left: 40px !important;padding-left: 0px !important;}&#8220;][tm_heading tag=&#8220;h4&#8243; custom_google_font=&#8220;&#8220; google_fonts=&#8220;font_family:Poppins%3A300%2Cregular%2C500%2C600%2C700|font_style:300%20light%20regular%3A300%3Anormal&#8220; font_weight=&#8220;300&#8243; text_color=&#8220;secondary&#8220; href=&#8220;\/\/www.cgjung.at\/&#8222;&#8220; target=&#8220;neuneu&#8220; font_size=&#8220;xs:13;lg:15&#8243; letter_spacing=&#8220;2px&#8220; text=&#8220; Steirischer Landesverband f\u00fcr Psychotherapie (STLP) &#8222;][vc_btn title=&#8220;https:\/\/www.stlp.at&#8220; css_animation=&#8220;bounceIn&#8220; link=&#8220;url:https%3A%2F%2Fwww.stlp.at|target:_blank&#8220; css=&#8220;.vc_custom_1602743667859{margin-top: -15px !important;margin-left: 40px !important;padding-left: 0px !important;}&#8220;][\/vc_column][vc_column width=&#8220;1\/2&#8243;][\/vc_column][\/vc_row]<\/p>\n","protected":false},"author":1,"featured_media":0,"parent":0,"menu_order":0,"comment_status":"closed","ping_status":"closed","template":"","meta":[],"yoast_head":"<!-- This site is optimized with the Yoast SEO plugin v19.6 - https:\/\/yoast.com\/wordpress\/plugins\/seo\/ -->\n<title>\u00dcber Mich - Praxis Psychotherapie Renate Renner<\/title>\n<meta name=\"description\" content=\"Psychotherapie Renner - % \u00dcber Mich Psychotherapie Renner \u00dcber Mich Psychotherapie Renner \u00dcber Mich Psychotherapie Renner\" \/>\n<meta name=\"robots\" content=\"index, follow, max-snippet:-1, max-image-preview:large, max-video-preview:-1\" \/>\n<link rel=\"canonical\" href=\"https:\/\/www.psychotherapie-renner.at\/?page_id=519\" \/>\n<meta property=\"og:locale\" content=\"de_DE\" \/>\n<meta property=\"og:type\" content=\"article\" \/>\n<meta property=\"og:title\" content=\"\u00dcber Mich - Praxis Psychotherapie Renate Renner\" \/>\n<meta property=\"og:description\" content=\"Psychotherapie Renner - % \u00dcber Mich Psychotherapie Renner \u00dcber Mich Psychotherapie Renner \u00dcber Mich Psychotherapie Renner\" \/>\n<meta property=\"og:url\" content=\"https:\/\/www.psychotherapie-renner.at\/?page_id=519\" \/>\n<meta property=\"og:site_name\" content=\"Psychotherapie Renner\" \/>\n<meta property=\"article:modified_time\" content=\"2026-01-25T12:06:15+00:00\" \/>\n<meta name=\"twitter:card\" content=\"summary_large_image\" \/>\n<meta name=\"twitter:label1\" content=\"Gesch\u00e4tzte Lesezeit\" \/>\n\t<meta name=\"twitter:data1\" content=\"1 Minute\" \/>\n<script type=\"application\/ld+json\" class=\"yoast-schema-graph\">{\"@context\":\"https:\/\/schema.org\",\"@graph\":[{\"@type\":\"WebPage\",\"@id\":\"https:\/\/www.psychotherapie-renner.at\/?page_id=519\",\"url\":\"https:\/\/www.psychotherapie-renner.at\/?page_id=519\",\"name\":\"\u00dcber Mich - Praxis Psychotherapie Renate Renner\",\"isPartOf\":{\"@id\":\"https:\/\/www.psychotherapie-renner.at\/#website\"},\"datePublished\":\"2018-10-17T06:23:05+00:00\",\"dateModified\":\"2026-01-25T12:06:15+00:00\",\"description\":\"Psychotherapie Renner - % \u00dcber Mich Psychotherapie Renner \u00dcber Mich Psychotherapie Renner \u00dcber Mich Psychotherapie Renner\",\"breadcrumb\":{\"@id\":\"https:\/\/www.psychotherapie-renner.at\/?page_id=519#breadcrumb\"},\"inLanguage\":\"de-AT\",\"potentialAction\":[{\"@type\":\"ReadAction\",\"target\":[\"https:\/\/www.psychotherapie-renner.at\/?page_id=519\"]}]},{\"@type\":\"BreadcrumbList\",\"@id\":\"https:\/\/www.psychotherapie-renner.at\/?page_id=519#breadcrumb\",\"itemListElement\":[{\"@type\":\"ListItem\",\"position\":1,\"name\":\"Startseite\",\"item\":\"https:\/\/www.psychotherapie-renner.at\/\"},{\"@type\":\"ListItem\",\"position\":2,\"name\":\"\u00dcber Mich\"}]},{\"@type\":\"WebSite\",\"@id\":\"https:\/\/www.psychotherapie-renner.at\/#website\",\"url\":\"https:\/\/www.psychotherapie-renner.at\/\",\"name\":\"Psychotherapie Renner\",\"description\":\"Eine weitere WordPress-Website\",\"potentialAction\":[{\"@type\":\"SearchAction\",\"target\":{\"@type\":\"EntryPoint\",\"urlTemplate\":\"https:\/\/www.psychotherapie-renner.at\/?s={search_term_string}\"},\"query-input\":\"required name=search_term_string\"}],\"inLanguage\":\"de-AT\"}]}<\/script>\n<!-- \/ Yoast SEO plugin. -->","yoast_head_json":{"title":"\u00dcber Mich - Praxis Psychotherapie Renate Renner","description":"Psychotherapie Renner - % \u00dcber Mich Psychotherapie Renner \u00dcber Mich Psychotherapie Renner \u00dcber Mich Psychotherapie Renner","robots":{"index":"index","follow":"follow","max-snippet":"max-snippet:-1","max-image-preview":"max-image-preview:large","max-video-preview":"max-video-preview:-1"},"canonical":"https:\/\/www.psychotherapie-renner.at\/?page_id=519","og_locale":"de_DE","og_type":"article","og_title":"\u00dcber Mich - Praxis Psychotherapie Renate Renner","og_description":"Psychotherapie Renner - % \u00dcber Mich Psychotherapie Renner \u00dcber Mich Psychotherapie Renner \u00dcber Mich Psychotherapie Renner","og_url":"https:\/\/www.psychotherapie-renner.at\/?page_id=519","og_site_name":"Psychotherapie Renner","article_modified_time":"2026-01-25T12:06:15+00:00","twitter_card":"summary_large_image","twitter_misc":{"Gesch\u00e4tzte Lesezeit":"1 Minute"},"schema":{"@context":"https:\/\/schema.org","@graph":[{"@type":"WebPage","@id":"https:\/\/www.psychotherapie-renner.at\/?page_id=519","url":"https:\/\/www.psychotherapie-renner.at\/?page_id=519","name":"\u00dcber Mich - Praxis Psychotherapie Renate Renner","isPartOf":{"@id":"https:\/\/www.psychotherapie-renner.at\/#website"},"datePublished":"2018-10-17T06:23:05+00:00","dateModified":"2026-01-25T12:06:15+00:00","description":"Psychotherapie Renner - % \u00dcber Mich Psychotherapie Renner \u00dcber Mich Psychotherapie Renner \u00dcber Mich Psychotherapie Renner","breadcrumb":{"@id":"https:\/\/www.psychotherapie-renner.at\/?page_id=519#breadcrumb"},"inLanguage":"de-AT","potentialAction":[{"@type":"ReadAction","target":["https:\/\/www.psychotherapie-renner.at\/?page_id=519"]}]},{"@type":"BreadcrumbList","@id":"https:\/\/www.psychotherapie-renner.at\/?page_id=519#breadcrumb","itemListElement":[{"@type":"ListItem","position":1,"name":"Startseite","item":"https:\/\/www.psychotherapie-renner.at\/"},{"@type":"ListItem","position":2,"name":"\u00dcber Mich"}]},{"@type":"WebSite","@id":"https:\/\/www.psychotherapie-renner.at\/#website","url":"https:\/\/www.psychotherapie-renner.at\/","name":"Psychotherapie Renner","description":"Eine weitere WordPress-Website","potentialAction":[{"@type":"SearchAction","target":{"@type":"EntryPoint","urlTemplate":"https:\/\/www.psychotherapie-renner.at\/?s={search_term_string}"},"query-input":"required name=search_term_string"}],"inLanguage":"de-AT"}]}},"_links":{"self":[{"href":"https:\/\/www.psychotherapie-renner.at\/index.php?rest_route=\/wp\/v2\/pages\/519"}],"collection":[{"href":"https:\/\/www.psychotherapie-renner.at\/index.php?rest_route=\/wp\/v2\/pages"}],"about":[{"href":"https:\/\/www.psychotherapie-renner.at\/index.php?rest_route=\/wp\/v2\/types\/page"}],"author":[{"embeddable":true,"href":"https:\/\/www.psychotherapie-renner.at\/index.php?rest_route=\/wp\/v2\/users\/1"}],"replies":[{"embeddable":true,"href":"https:\/\/www.psychotherapie-renner.at\/index.php?rest_route=%2Fwp%2Fv2%2Fcomments&post=519"}],"version-history":[{"count":140,"href":"https:\/\/www.psychotherapie-renner.at\/index.php?rest_route=\/wp\/v2\/pages\/519\/revisions"}],"predecessor-version":[{"id":4050,"href":"https:\/\/www.psychotherapie-renner.at\/index.php?rest_route=\/wp\/v2\/pages\/519\/revisions\/4050"}],"wp:attachment":[{"href":"https:\/\/www.psychotherapie-renner.at\/index.php?rest_route=%2Fwp%2Fv2%2Fmedia&parent=519"}],"curies":[{"name":"wp","href":"https:\/\/api.w.org\/{rel}","templated":true}]}}